{"id":69,"date":"2013-05-19T13:25:00","date_gmt":"2013-05-19T11:25:00","guid":{"rendered":"http:\/\/www.dl5sel.de\/?page_id=69"},"modified":"2023-06-14T11:41:53","modified_gmt":"2023-06-14T09:41:53","slug":"erkundungen-mit-dem-raspberry-pi","status":"publish","type":"page","link":"https:\/\/www.dl5sel.de\/?page_id=69","title":{"rendered":"Raspberry PI"},"content":{"rendered":"<p>Zweifellos ist der Einplatinenrechner mit den Ma\u00dfen einer Scheckkarte faszinierend. Es gibt eine Reihe von Einsatzm\u00f6glichkeiten, viele Projekte wurden in Zeitschriften und im Internet beschrieben.<\/p>\n<p>Ich benutze aktuell f\u00fcr meine Versuche einen Raspberry Pi 3B+. Diese Variante ist aus meiner Sicht ausreichend. F\u00fcr mich wichtig ist das vorhandene WLAN-Modul, das sowohl mit 2,4 GHz als auch mit 5 GHz arbeiten kann.<\/p>\n<p>Hier sollen realisierte Ideen kurz vorgestellt werden. Vielleicht finden sich Interessenten.<\/p>\n","protected":false},"excerpt":{"rendered":"<p>Zweifellos ist der Einplatinenrechner mit den Ma\u00dfen einer Scheckkarte faszinierend. Es gibt eine Reihe von Einsatzm\u00f6glichkeiten, viele Projekte wurden in Zeitschriften und im Internet beschrieben. Ich benutze aktuell f\u00fcr meine Versuche einen Raspberry Pi 3B+. Diese Variante ist aus meiner Sicht ausreichend. F\u00fcr mich wichtig ist das vorhandene WLAN-Modul, das sowohl mit 2,4 GHz als [&hellip;]<\/p>\n","protected":false},"author":1,"featured_media":0,"parent":0,"menu_order":0,"comment_status":"closed","ping_status":"closed","template":"","meta":{"footnotes":""},"class_list":["post-69","page","type-page","status-publish","hentry"],"_links":{"self":[{"href":"https:\/\/www.dl5sel.de\/index.php?rest_route=\/wp\/v2\/pages\/69","targetHints":{"allow":["GET"]}}],"collection":[{"href":"https:\/\/www.dl5sel.de\/index.php?rest_route=\/wp\/v2\/pages"}],"about":[{"href":"https:\/\/www.dl5sel.de\/index.php?rest_route=\/wp\/v2\/types\/page"}],"author":[{"embeddable":true,"href":"https:\/\/www.dl5sel.de\/index.php?rest_route=\/wp\/v2\/users\/1"}],"replies":[{"embeddable":true,"href":"https:\/\/www.dl5sel.de\/index.php?rest_route=%2Fwp%2Fv2%2Fcomments&post=69"}],"version-history":[{"count":26,"href":"https:\/\/www.dl5sel.de\/index.php?rest_route=\/wp\/v2\/pages\/69\/revisions"}],"predecessor-version":[{"id":181,"href":"https:\/\/www.dl5sel.de\/index.php?rest_route=\/wp\/v2\/pages\/69\/revisions\/181"}],"wp:attachment":[{"href":"https:\/\/www.dl5sel.de\/index.php?rest_route=%2Fwp%2Fv2%2Fmedia&parent=69"}],"curies":[{"name":"wp","href":"https:\/\/api.w.org\/{rel}","templated":true}]}}