{"id":5,"date":"2013-03-24T22:54:45","date_gmt":"2013-03-24T20:54:45","guid":{"rendered":"http:\/\/www.dl5sel.de\/?page_id=5"},"modified":"2013-03-25T01:42:04","modified_gmt":"2013-03-24T23:42:04","slug":"impressum","status":"publish","type":"page","link":"https:\/\/www.dl5sel.de\/?page_id=5","title":{"rendered":"Impressum"},"content":{"rendered":"<p align=\"center\"><span style=\"font-size: large;\">Betreiber der Seite:<\/span><\/p>\n<p style=\"text-align: center;\">Dr.-Ing. Reinhard Vogel<br \/>\nBerzdorfer Stra\u00dfe 15<br \/>\nD-01239 Dresden<br \/>\nTel.: 01520 \/ 19 40 295<\/p>\n<p style=\"text-align: center;\"><a href=\"mailto:kontakt@dl5sel.de\" rel=\"nofollow\">eMail an Betreiber senden<\/a><\/p>\n<p>&nbsp;<\/p>\n<p><span style=\"font-size: large;\">Erkl\u00e4rung :<\/span><\/p>\n<p>Das Landgericht Hamburg hat mit Urteil vom 12.05.1998 entschieden, dass man durch die Ausbringung eines Links die Inhalte der gelinkten Seite gegebenenfalls mit zu verantworten hat. Dies kann &#8212; so das LG &#8212; nur dadurch verhindert werden, indem man sich ausdr\u00fccklich von diesen Inhalten distanziert. F\u00fcr alle auf dieser Website gelegten Links gilt: \u201eDer Betreiber dieser Website betont ausdr\u00fccklich, dass er keinerlei Einfluss auf die Gestaltung und die Inhalte der gelinkten Seiten hat. Aus diesem Grund distanziert sich der Betreiber dieser Website hiermit ausdr\u00fccklich von allen Inhalten der verlinkten Seiten und deren Unterverzeichnissen.&#8220; Diese Erkl\u00e4rung gilt f\u00fcr alle auf dieser Seite ausgebrachten Links, unabh\u00e4ngig davon, ob sie in Text-, Banner- oder Grafikform vorliegen.<\/p>\n<p style=\"text-align: center;\">Dieses Weblog wird durch 1und1 gehostet.<a href=\"http:\/\/profiseller.de\/shop1\/index.php3?ps_id=P9371328&amp;shop=1&amp;banner=21\" target=\"_blank\"><img loading=\"lazy\" decoding=\"async\" alt=\"\" src=\"http:\/\/profiseller.de\/banner\/banner.php3?ps_id=P9371328&amp;banner=21\" width=\"468\" height=\"60\" border=\"0\" \/><\/a><\/p>\n<hr \/>\n","protected":false},"excerpt":{"rendered":"<p>Betreiber der Seite: Dr.-Ing. Reinhard Vogel Berzdorfer Stra\u00dfe 15 D-01239 Dresden Tel.: 01520 \/ 19 40 295 eMail an Betreiber senden &nbsp; Erkl\u00e4rung : Das Landgericht Hamburg hat mit Urteil vom 12.05.1998 entschieden, dass man durch die Ausbringung eines Links die Inhalte der gelinkten Seite gegebenenfalls mit zu verantworten hat. Dies kann &#8212; so das [&hellip;]<\/p>\n","protected":false},"author":1,"featured_media":0,"parent":0,"menu_order":0,"comment_status":"closed","ping_status":"closed","template":"","meta":{"footnotes":""},"class_list":["post-5","page","type-page","status-publish","hentry"],"_links":{"self":[{"href":"https:\/\/www.dl5sel.de\/index.php?rest_route=\/wp\/v2\/pages\/5","targetHints":{"allow":["GET"]}}],"collection":[{"href":"https:\/\/www.dl5sel.de\/index.php?rest_route=\/wp\/v2\/pages"}],"about":[{"href":"https:\/\/www.dl5sel.de\/index.php?rest_route=\/wp\/v2\/types\/page"}],"author":[{"embeddable":true,"href":"https:\/\/www.dl5sel.de\/index.php?rest_route=\/wp\/v2\/users\/1"}],"replies":[{"embeddable":true,"href":"https:\/\/www.dl5sel.de\/index.php?rest_route=%2Fwp%2Fv2%2Fcomments&post=5"}],"version-history":[{"count":4,"href":"https:\/\/www.dl5sel.de\/index.php?rest_route=\/wp\/v2\/pages\/5\/revisions"}],"predecessor-version":[{"id":45,"href":"https:\/\/www.dl5sel.de\/index.php?rest_route=\/wp\/v2\/pages\/5\/revisions\/45"}],"wp:attachment":[{"href":"https:\/\/www.dl5sel.de\/index.php?rest_route=%2Fwp%2Fv2%2Fmedia&parent=5"}],"curies":[{"name":"wp","href":"https:\/\/api.w.org\/{rel}","templated":true}]}}