{"id":35,"date":"2013-03-25T00:51:09","date_gmt":"2013-03-24T22:51:09","guid":{"rendered":"http:\/\/www.dl5sel.de\/?page_id=35"},"modified":"2024-06-27T21:13:45","modified_gmt":"2024-06-27T19:13:45","slug":"links","status":"publish","type":"page","link":"https:\/\/www.dl5sel.de\/?page_id=35","title":{"rendered":"Links"},"content":{"rendered":"<p>Hier findet sich eine Reihe von externen Links, die mir wichtig sind:<\/p>\n<p>1. Familienforschung<br \/>\nIch betreibe etwa seit 2007 Recherchen zu den Wurzeln und der Herkunft meiner Familie. Die Fakten wie Geburts-, Heirats- und Sterbedaten meiner Vorfahren finden sich in einer <a title=\"Familien-Datenbank\" href=\"https:\/\/genealogie.dl5sel.de\" target=\"_blank\" rel=\"noopener noreferrer\">Datenbank<\/a>. Die dazugeh\u00f6rigen Geschichten und \u00dcberlieferungen werden in einem <a title=\"Familien-Weblog\" href=\"https:\/\/genblog.dl5sel.de\" target=\"_blank\" rel=\"noopener noreferrer\">Weblog<\/a> der geneigten \u00d6ffentlichkeit zur Verf\u00fcgung gestellt. Beide Projekte sind, wenn erforderlich, auch untereinander verlinkt.<\/p>\n<p>2. Hobbies<br \/>\n&#8230; habe ich eine ganze Menge. Deshalb habe ich die Links f\u00fcr <a title=\"Computer-Links\" href=\"https:\/\/www.dl5sel.de\/?page_id=60\">Computer<\/a> und <a title=\"Amateurfunk-Links\" href=\"https:\/\/www.dl5sel.de\/?page_id=93\">Amateurfunk<\/a> auf eigenen Seiten zusammengefasst. An dieser Stelle w\u00e4re die Liste einfach nur viel zu lang.<br \/>\nBei der Modelleisenbahn greife ich einfach auf meine <a title=\"Stra\u00dfenbahnmodelle\" href=\"http:\/\/afu.dl5sel.de\/strabmodell.htm\" target=\"_blank\" rel=\"noopener noreferrer\">&#8222;alte&#8220; Webseite<\/a> zur\u00fcck, bis ich die Zeit finde, auch daf\u00fcr eine eigene Seite zu erstellen.<\/p>\n<p>3. Technikbotschafter<br \/>\nNach Ausbildung durch die TU Dresden helfe ich ehrenamtlich in meinem Wohngebiet vor allem \u00e4lteren Menschen bei Fragen zum Umgang mit Smartphone und Tablet. N\u00e4heres dazu unter <a href=\"https:\/\/handyhilfe.dl5sel.de\">https:\/\/handyhilfe.dl5sel.de<\/a><\/p>\n<p>4. Sport<br \/>\nNachdem ich nicht mehr l\u00e4nger darauf warten wollte, dass sich mein erh\u00f6htes Gewicht in zus\u00e4tzliche K\u00f6rpergr\u00f6\u00dfe umwandelt, blieb nur \u00fcbrig, mehr Sport zu treiben. Ich empfehle daher auch den Besuch der folgenden Seiten:<br \/>\n<a title=\"TSK Residenz Dresden\" href=\"http:\/\/www.tsk-residenz.de\/\" target=\"_blank\" rel=\"noopener noreferrer\">http:\/\/www.tsk-residenz.de<\/a> &#8211; Tanzen macht nicht nur Spa\u00df, es ist auch gut f\u00fcr Fitness und Kondition<br \/>\n<a href=\"http:\/\/www.manuelahaehne.de\/kursart\/yoga\">http:\/\/www.manuelahaehne.de\/kursart\/yoga<\/a> &#8211; Yoga hilft mir vor allem, beweglich und entspannt zu bleiben. Ja, Rentner k\u00f6nnen ebenfalls unter Stress leiden &#8230;, denn Rentner haben niemals Zeit<\/p>\n<p>5. Beruf<br \/>\nMein Arbeitgeber war bis zum Jahresende 2022 das <a title=\"EIBS GmbH\" href=\"http:\/\/www.eibs.de\" target=\"_blank\" rel=\"noopener noreferrer\">Entwurfs- und Ingenieurb\u00fcro Stra\u00dfenwesen<\/a> Dresden. Dort verbrachte ich die Zeit, die neben der Familie und meinen Hobbies noch \u00fcbrig blieb &#8230;\u00a0 \ud83d\ude09 &#8211; Seit Januar 2023 bin ich Rentner, kann aber \u00fcber Langeweile nicht klagen. Es gibt genug zu tun &#8230;<\/p>\n<p>6. W\u00e4hrend meines Studiums an der HfV in Dresden geh\u00f6rte ich der Seminargruppe 78\/303\/S an. Um den Kontakt zu meinen Kommilitonen zu halten, betreue ich die <a href=\"http:\/\/www.sg78303s.de\">Homepage meiner Seminargruppe<\/a><\/p>\n<p>7. Meine Webseiten werden durch 1und1 gehostet. Als Profiseller kann ich vielleicht auch in technischen Fragen Unterst\u00fctzung leisten. Hier geht es zu meiner <a title=\"1und1-Profiseller\" href=\"http:\/\/www.profiseller.de\/shop1\/index.php3?ps_id=p9371328\" target=\"_blank\" rel=\"noopener noreferrer\">Vertriebsseite<\/a>.<\/p>\n","protected":false},"excerpt":{"rendered":"<p>Hier findet sich eine Reihe von externen Links, die mir wichtig sind: 1. Familienforschung Ich betreibe etwa seit 2007 Recherchen zu den Wurzeln und der Herkunft meiner Familie. Die Fakten wie Geburts-, Heirats- und Sterbedaten meiner Vorfahren finden sich in einer Datenbank. Die dazugeh\u00f6rigen Geschichten und \u00dcberlieferungen werden in einem Weblog der geneigten \u00d6ffentlichkeit zur [&hellip;]<\/p>\n","protected":false},"author":1,"featured_media":0,"parent":0,"menu_order":0,"comment_status":"closed","ping_status":"closed","template":"","meta":{"footnotes":""},"class_list":["post-35","page","type-page","status-publish","hentry"],"_links":{"self":[{"href":"https:\/\/www.dl5sel.de\/index.php?rest_route=\/wp\/v2\/pages\/35","targetHints":{"allow":["GET"]}}],"collection":[{"href":"https:\/\/www.dl5sel.de\/index.php?rest_route=\/wp\/v2\/pages"}],"about":[{"href":"https:\/\/www.dl5sel.de\/index.php?rest_route=\/wp\/v2\/types\/page"}],"author":[{"embeddable":true,"href":"https:\/\/www.dl5sel.de\/index.php?rest_route=\/wp\/v2\/users\/1"}],"replies":[{"embeddable":true,"href":"https:\/\/www.dl5sel.de\/index.php?rest_route=%2Fwp%2Fv2%2Fcomments&post=35"}],"version-history":[{"count":21,"href":"https:\/\/www.dl5sel.de\/index.php?rest_route=\/wp\/v2\/pages\/35\/revisions"}],"predecessor-version":[{"id":227,"href":"https:\/\/www.dl5sel.de\/index.php?rest_route=\/wp\/v2\/pages\/35\/revisions\/227"}],"wp:attachment":[{"href":"https:\/\/www.dl5sel.de\/index.php?rest_route=%2Fwp%2Fv2%2Fmedia&parent=35"}],"curies":[{"name":"wp","href":"https:\/\/api.w.org\/{rel}","templated":true}]}}