{"id":28,"date":"2013-03-25T00:08:01","date_gmt":"2013-03-24T22:08:01","guid":{"rendered":"http:\/\/www.dl5sel.de\/?page_id=28"},"modified":"2023-06-11T14:49:16","modified_gmt":"2023-06-11T12:49:16","slug":"uber-mich","status":"publish","type":"page","link":"https:\/\/www.dl5sel.de\/?page_id=28","title":{"rendered":"\u00dcber mich &#8230;"},"content":{"rendered":"<p>Ich wurde am 27. April 1957 in Berlin geboren, bin 177 cm gro\u00df und f\u00fcr mein Gewicht eigentlich etwas zu klein.<\/p>\n<p>Seit 1982 gl\u00fccklich verheiratet bin ich Vater zweier erwachsener T\u00f6chter und bereits vierfacher Gro\u00dfvater.<\/p>\n<p><span style=\"font-size: large;\">Schule<\/span>: 1975 Abitur an der <a title=\"Forum der Puschkin-Schule Hennigsdorf\" href=\"http:\/\/www.puschkin-forum.de.vu\" target=\"_blank\" rel=\"noopener noreferrer\">Puschkin-EOS<\/a> in Hennigsdorf<\/p>\n<p><span style=\"font-size: large;\">Studium<\/span>: 1978 bis 1983 in Dresden, Hochschule f\u00fcr Verkehrswesen &#8222;Friedrich List&#8220; in Dresden, Fachrichtung Schienenfahrzeugtechnik, <a title=\"HfV-Seminargruppe 78\/303\/S\" href=\"http:\/\/www.sg78303s.de\" target=\"_blank\" rel=\"noopener noreferrer\">SG 78\/303\/S<\/a><br \/>\ndaran anschlie\u00dfend ein Forschungsstudium, Spezialisierung &#8222;Fahrdynamik der Schienenfahrzeuge&#8220;<br \/>\n1986 konnte ich meine Dissertation erfolgreich abschlie\u00dfen.<\/p>\n<p>nach einigen Wirren und kurzer Arbeitslosigkeit war ich von 1994 bis 2022 als Ingenieur f\u00fcr Verkehrstechnik in Dresden t\u00e4tig.<br \/>\nZu gut deutsch: Ich habe mich mit der Ausr\u00fcstung und Steuerung von Lichtsignalanlagen (Ampeln) und anderen Einrichtungen besch\u00e4ftigt, die geeignet sind, in den Stra\u00dfenverkehr einzugreifen. Mit Schienenfahrzeugen hatte ich demzufolge nur noch zu tun, wenn sie als Stra\u00dfenbahn auftreten und an den Lichtsignalanlagen, f\u00fcr die ich mit der Projektierung beauftragt war, bevorrechtigt werden sollten. Aber die Fahrdynamik konnte ich noch von Zeit zu Zeit nutzbringend verwenden.<\/p>\n<p>Seit dem 01.01.2023 bin ich Rentner, verbunden mit der Hoffnung, wieder mehr Zeit f\u00fcr den Amateurfunk aufbringen zu k\u00f6nnen. Schaun wir mal &#8230;<\/p>\n<p>Diese Website dient lediglich dem Zweck, meine Kenntnisse \u00fcber den Amateurfunk und damit verbundene &#8222;Wissensgebiete&#8220; schnell wiederfinden zu k\u00f6nnen. Die Gestaltung ist daher bewusst spartanisch gehalten. Im \u00fcbrigen bekenne ich mich dazu, dass meine Homepage eine Dauerbaustelle bleiben wird. Einen Anspruch auf unbedingte Aktualit\u00e4t oder Professionalit\u00e4t erhebe ich nicht. Wenn der eine oder andere etwas findet, das weiterhilft oder zum Weitersuchen anregt, dann hat die Seite ihren Zweck erf\u00fcllt.<\/p>\n<p>Kommentare, Meinungen oder Anfragen nehme ich gern per <a href=\"mailto:kontakt@dl5sel.de\" target=\"_blank\" rel=\"noopener noreferrer\">eMail<\/a> entgegen. Ansonsten freue ich mich vor allem auf viele Kontakte auf den Amateurfunkb\u00e4ndern.<\/p>\n","protected":false},"excerpt":{"rendered":"<p>Ich wurde am 27. April 1957 in Berlin geboren, bin 177 cm gro\u00df und f\u00fcr mein Gewicht eigentlich etwas zu klein. Seit 1982 gl\u00fccklich verheiratet bin ich Vater zweier erwachsener T\u00f6chter und bereits vierfacher Gro\u00dfvater. Schule: 1975 Abitur an der Puschkin-EOS in Hennigsdorf Studium: 1978 bis 1983 in Dresden, Hochschule f\u00fcr Verkehrswesen &#8222;Friedrich List&#8220; in [&hellip;]<\/p>\n","protected":false},"author":1,"featured_media":0,"parent":0,"menu_order":0,"comment_status":"closed","ping_status":"closed","template":"","meta":{"footnotes":""},"class_list":["post-28","page","type-page","status-publish","hentry"],"_links":{"self":[{"href":"https:\/\/www.dl5sel.de\/index.php?rest_route=\/wp\/v2\/pages\/28","targetHints":{"allow":["GET"]}}],"collection":[{"href":"https:\/\/www.dl5sel.de\/index.php?rest_route=\/wp\/v2\/pages"}],"about":[{"href":"https:\/\/www.dl5sel.de\/index.php?rest_route=\/wp\/v2\/types\/page"}],"author":[{"embeddable":true,"href":"https:\/\/www.dl5sel.de\/index.php?rest_route=\/wp\/v2\/users\/1"}],"replies":[{"embeddable":true,"href":"https:\/\/www.dl5sel.de\/index.php?rest_route=%2Fwp%2Fv2%2Fcomments&post=28"}],"version-history":[{"count":9,"href":"https:\/\/www.dl5sel.de\/index.php?rest_route=\/wp\/v2\/pages\/28\/revisions"}],"predecessor-version":[{"id":149,"href":"https:\/\/www.dl5sel.de\/index.php?rest_route=\/wp\/v2\/pages\/28\/revisions\/149"}],"wp:attachment":[{"href":"https:\/\/www.dl5sel.de\/index.php?rest_route=%2Fwp%2Fv2%2Fmedia&parent=28"}],"curies":[{"name":"wp","href":"https:\/\/api.w.org\/{rel}","templated":true}]}}