{"id":207,"date":"2023-08-02T14:59:23","date_gmt":"2023-08-02T12:59:23","guid":{"rendered":"https:\/\/www.dl5sel.de\/?page_id=207"},"modified":"2023-08-02T14:59:23","modified_gmt":"2023-08-02T12:59:23","slug":"raspberry-pi-als-mediacenter","status":"publish","type":"page","link":"https:\/\/www.dl5sel.de\/?page_id=207","title":{"rendered":"Raspberry Pi als Mediacenter"},"content":{"rendered":"\n<p>Ein Raspberry Pi 2 Model B lag noch &#8222;arbeitslos&#8220; herum. Ein Ausfall bei meinem Kabel-TV-Anbieter brachte mich auf die Idee, das Ger\u00e4t als Mediacenter zu verwenden.<\/p>\n\n\n\n<p>Software daf\u00fcr gibt es im Internet mehr als genug. Nach einigem Herumprobieren habe ich mich f\u00fcr das Betriebssystem <a href=\"https:\/\/www.bitblokes.de\/kodi-openelec-libreelec-osmc-raspberry-pi-unterschiede\/\" target=\"_blank\" rel=\"noreferrer noopener\">OSMC<\/a> entschieden. Die Installation ist problemlos. Etwas aufw\u00e4ndiger gestaltet sich die Anpassung an die individuellen Bed\u00fcrfnisse. Wenn man erstmal die Zusammenh\u00e4nge begriffen hat, ist die Bedienung einfach: Was man meint, \u00f6fter zu benutzen, ist bei &#8222;Favoriten&#8220; einzutragen.<\/p>\n\n\n\n<p>Insgesamt ist es erstaunlich, was diese kleinen Rechner leisten k\u00f6nnen. Die Wiedergabe der Fernsehprogramme erfolgt ruckelfrei und in guter Qualit\u00e4t.<\/p>\n","protected":false},"excerpt":{"rendered":"<p>Ein Raspberry Pi 2 Model B lag noch &#8222;arbeitslos&#8220; herum. Ein Ausfall bei meinem Kabel-TV-Anbieter brachte mich auf die Idee, das Ger\u00e4t als Mediacenter zu verwenden. Software daf\u00fcr gibt es im Internet mehr als genug. Nach einigem Herumprobieren habe ich mich f\u00fcr das Betriebssystem OSMC entschieden. Die Installation ist problemlos. Etwas aufw\u00e4ndiger gestaltet sich die [&hellip;]<\/p>\n","protected":false},"author":1,"featured_media":0,"parent":0,"menu_order":0,"comment_status":"closed","ping_status":"closed","template":"","meta":{"footnotes":""},"class_list":["post-207","page","type-page","status-publish","hentry"],"_links":{"self":[{"href":"https:\/\/www.dl5sel.de\/index.php?rest_route=\/wp\/v2\/pages\/207","targetHints":{"allow":["GET"]}}],"collection":[{"href":"https:\/\/www.dl5sel.de\/index.php?rest_route=\/wp\/v2\/pages"}],"about":[{"href":"https:\/\/www.dl5sel.de\/index.php?rest_route=\/wp\/v2\/types\/page"}],"author":[{"embeddable":true,"href":"https:\/\/www.dl5sel.de\/index.php?rest_route=\/wp\/v2\/users\/1"}],"replies":[{"embeddable":true,"href":"https:\/\/www.dl5sel.de\/index.php?rest_route=%2Fwp%2Fv2%2Fcomments&post=207"}],"version-history":[{"count":1,"href":"https:\/\/www.dl5sel.de\/index.php?rest_route=\/wp\/v2\/pages\/207\/revisions"}],"predecessor-version":[{"id":208,"href":"https:\/\/www.dl5sel.de\/index.php?rest_route=\/wp\/v2\/pages\/207\/revisions\/208"}],"wp:attachment":[{"href":"https:\/\/www.dl5sel.de\/index.php?rest_route=%2Fwp%2Fv2%2Fmedia&parent=207"}],"curies":[{"name":"wp","href":"https:\/\/api.w.org\/{rel}","templated":true}]}}