{"id":201,"date":"2023-06-21T20:54:49","date_gmt":"2023-06-21T18:54:49","guid":{"rendered":"https:\/\/www.dl5sel.de\/?page_id=201"},"modified":"2023-06-21T21:09:13","modified_gmt":"2023-06-21T19:09:13","slug":"raspi-im-amateurfunk-grundlagen","status":"publish","type":"page","link":"https:\/\/www.dl5sel.de\/?page_id=201","title":{"rendered":"RasPi im Amateurfunk &#8211; Grundlagen"},"content":{"rendered":"\n<p>Alle Anstrengungen, den Raspberry Pi, im weiteren nur noch RasPi genannt, mit einer soliden Betriebssystemgrundlage zu versehen, hatten nur einen Zweck: den Kleinrechner f\u00fcr Anwendungen im Amateurfunk fit zu machen.<\/p>\n\n\n\n<p>Zun\u00e4chst w\u00fcrden mich die &#8222;digitalen&#8220; Betriebsarten empfangsseitig interessieren. Die Installation einer geeigneten Software, z.B. fldigi, sollte kein Problem darstellen. Etwas diffiziler ist die Frage, woher der RasPi die zu dekodierenden Signale herbekommt.<\/p>\n\n\n\n<p>Im Internet gibt es diverse Anleitungen. Ich werde mich auf die Seite von <a href=\"https:\/\/dl1gkk.com\/setup-raspberry-pi-for-ham-radio\/\" target=\"_blank\" rel=\"noreferrer noopener\">DL1GKK<\/a> konzentrieren. <\/p>\n","protected":false},"excerpt":{"rendered":"<p>Alle Anstrengungen, den Raspberry Pi, im weiteren nur noch RasPi genannt, mit einer soliden Betriebssystemgrundlage zu versehen, hatten nur einen Zweck: den Kleinrechner f\u00fcr Anwendungen im Amateurfunk fit zu machen. Zun\u00e4chst w\u00fcrden mich die &#8222;digitalen&#8220; Betriebsarten empfangsseitig interessieren. Die Installation einer geeigneten Software, z.B. fldigi, sollte kein Problem darstellen. Etwas diffiziler ist die Frage, woher [&hellip;]<\/p>\n","protected":false},"author":1,"featured_media":0,"parent":69,"menu_order":0,"comment_status":"closed","ping_status":"closed","template":"","meta":{"footnotes":""},"class_list":["post-201","page","type-page","status-publish","hentry"],"_links":{"self":[{"href":"https:\/\/www.dl5sel.de\/index.php?rest_route=\/wp\/v2\/pages\/201","targetHints":{"allow":["GET"]}}],"collection":[{"href":"https:\/\/www.dl5sel.de\/index.php?rest_route=\/wp\/v2\/pages"}],"about":[{"href":"https:\/\/www.dl5sel.de\/index.php?rest_route=\/wp\/v2\/types\/page"}],"author":[{"embeddable":true,"href":"https:\/\/www.dl5sel.de\/index.php?rest_route=\/wp\/v2\/users\/1"}],"replies":[{"embeddable":true,"href":"https:\/\/www.dl5sel.de\/index.php?rest_route=%2Fwp%2Fv2%2Fcomments&post=201"}],"version-history":[{"count":3,"href":"https:\/\/www.dl5sel.de\/index.php?rest_route=\/wp\/v2\/pages\/201\/revisions"}],"predecessor-version":[{"id":205,"href":"https:\/\/www.dl5sel.de\/index.php?rest_route=\/wp\/v2\/pages\/201\/revisions\/205"}],"up":[{"embeddable":true,"href":"https:\/\/www.dl5sel.de\/index.php?rest_route=\/wp\/v2\/pages\/69"}],"wp:attachment":[{"href":"https:\/\/www.dl5sel.de\/index.php?rest_route=%2Fwp%2Fv2%2Fmedia&parent=201"}],"curies":[{"name":"wp","href":"https:\/\/api.w.org\/{rel}","templated":true}]}}