{"id":175,"date":"2023-06-14T11:35:16","date_gmt":"2023-06-14T09:35:16","guid":{"rendered":"https:\/\/www.dl5sel.de\/?page_id=175"},"modified":"2023-06-14T11:37:09","modified_gmt":"2023-06-14T09:37:09","slug":"lamp-webserver-mit-wordpress","status":"publish","type":"page","link":"https:\/\/www.dl5sel.de\/?page_id=175","title":{"rendered":"LAMP-Webserver mit WordPress"},"content":{"rendered":"\n<p>WordPress auf einem Raspberry Pi? &#8211; Ja, das funktioniert tats\u00e4chlich und ist eine gute Gelegenheit, um die Leistungsf\u00e4higkeit des Kleinrechners auszutesten.<\/p>\n\n\n\n<p>Unter dem folgenden Link ist eine sehr gute Anleitung f\u00fcr die Installation des gesamten Paketes enthalten:<br><a href=\"https:\/\/projects.raspberrypi.org\/de-DE\/projects\/lamp-web-server-with-wordpress\">https:\/\/projects.raspberrypi.org\/de-DE\/projects\/lamp-web-server-with-wordpress<\/a><\/p>\n\n\n\n<p>F\u00fcr die Installation habe ich meinen von <a href=\"https:\/\/www.dl5sel.de\/?page_id=157\">USB-Festplatte bootenden Raspberry Pi 3B+<\/a> verwendet. Die empfohlene Installation des Firefox-Webbrowsers war dabei sehr hilfreich.<\/p>\n\n\n\n<p>F\u00fcr erste Schritte mit WordPress ist die Installation auf dem Raspberry Pi gut geeignet. Mir selbst ist das System zu langsam, so dass ich f\u00fcr die Erstellung meiner Webseiten auf die Installation bei meinem Service-Provider als auch auf meinem Windows-PC zur\u00fcckgreife.<\/p>\n\n\n\n<p>Nichtsdestotrotz belasse ich die WordPress-Installation auf dem Raspberry Pi. Vielleicht findet sich noch ein Einsatzzweck im h\u00e4uslichen Netzwerk.<\/p>\n","protected":false},"excerpt":{"rendered":"<p>WordPress auf einem Raspberry Pi? &#8211; Ja, das funktioniert tats\u00e4chlich und ist eine gute Gelegenheit, um die Leistungsf\u00e4higkeit des Kleinrechners auszutesten. Unter dem folgenden Link ist eine sehr gute Anleitung f\u00fcr die Installation des gesamten Paketes enthalten:https:\/\/projects.raspberrypi.org\/de-DE\/projects\/lamp-web-server-with-wordpress F\u00fcr die Installation habe ich meinen von USB-Festplatte bootenden Raspberry Pi 3B+ verwendet. Die empfohlene Installation des Firefox-Webbrowsers [&hellip;]<\/p>\n","protected":false},"author":1,"featured_media":0,"parent":69,"menu_order":0,"comment_status":"closed","ping_status":"closed","template":"","meta":{"footnotes":""},"class_list":["post-175","page","type-page","status-publish","hentry"],"_links":{"self":[{"href":"https:\/\/www.dl5sel.de\/index.php?rest_route=\/wp\/v2\/pages\/175","targetHints":{"allow":["GET"]}}],"collection":[{"href":"https:\/\/www.dl5sel.de\/index.php?rest_route=\/wp\/v2\/pages"}],"about":[{"href":"https:\/\/www.dl5sel.de\/index.php?rest_route=\/wp\/v2\/types\/page"}],"author":[{"embeddable":true,"href":"https:\/\/www.dl5sel.de\/index.php?rest_route=\/wp\/v2\/users\/1"}],"replies":[{"embeddable":true,"href":"https:\/\/www.dl5sel.de\/index.php?rest_route=%2Fwp%2Fv2%2Fcomments&post=175"}],"version-history":[{"count":3,"href":"https:\/\/www.dl5sel.de\/index.php?rest_route=\/wp\/v2\/pages\/175\/revisions"}],"predecessor-version":[{"id":178,"href":"https:\/\/www.dl5sel.de\/index.php?rest_route=\/wp\/v2\/pages\/175\/revisions\/178"}],"up":[{"embeddable":true,"href":"https:\/\/www.dl5sel.de\/index.php?rest_route=\/wp\/v2\/pages\/69"}],"wp:attachment":[{"href":"https:\/\/www.dl5sel.de\/index.php?rest_route=%2Fwp%2Fv2%2Fmedia&parent=175"}],"curies":[{"name":"wp","href":"https:\/\/api.w.org\/{rel}","templated":true}]}}