{"id":157,"date":"2023-06-12T17:45:19","date_gmt":"2023-06-12T15:45:19","guid":{"rendered":"https:\/\/www.dl5sel.de\/?page_id=157"},"modified":"2023-06-20T10:52:12","modified_gmt":"2023-06-20T08:52:12","slug":"raspberry-pi-mit-usb-festplatte","status":"publish","type":"page","link":"https:\/\/www.dl5sel.de\/?page_id=157","title":{"rendered":"Raspberry Pi mit USB-Festplatte"},"content":{"rendered":"\n<p>SD- bzw microSDXC-Karten, die normalerweise f\u00fcr die Speicherung des Betriebssystems verwendet werden, sind in ihrer Haltbarkeit begrenzt. Ich hatte schon des \u00f6fteren mit Ausf\u00e4llen zu k\u00e4mpfen, die durch den Ausfall der Speicherkarte verursacht wurden. Hinzu kommt, dass selbst bei gr\u00f6\u00dferen Speicherkarten schnell die Kapazit\u00e4tsgrenze erreicht wird. Ausweg: Eine USB-Festplatte als Boot- und Speichermedium verwenden.<\/p>\n\n\n\n<p>Voraussetzung war ein Raspberry Pi 3B+ mit fertig installiertem Betriebssystem, Monitor, Tastatur und Maus, eingebunden in das h\u00e4usliche WLAN. Eine funktionierende Anleitung f\u00fcr die Verwendung einer USB-Festplatte als Bootmedium fand ich <a href=\"https:\/\/www.macsven.de\/1153-2\/\">hier<\/a>.<\/p>\n\n\n\n<p>Meine Konfiguration weicht von der in der Anleitung beschriebenen Zusammenstellung etwas ab:<br>&#8211; Raspberry Pi 3B+<br>&#8211; 1TB-Intenso-USB-Festplatte, Stromversorgung \u00fcber USB-Buchse des Raspberry Pi<br>&#8211; WLAN-Anbindung \u00fcber 5GHz<br>&#8211; drahtlose Maus mit Bluetooth-Dongle, USB-Tastatur<br>&#8211; VGA-Bildschirm, Aufl\u00f6sung in der config.txt eingestellt: <br>hdmi_group = 2<br>hdmi_mode = 16<\/p>\n\n\n\n<p>Die L\u00f6sung hat einen kleinen Nachteil: die SDXC-Karte muss weiterhin gesteckt bleiben, sonst bootet der Raspberry Pi nicht. Da muss ich wohl nochmal &#8222;nachbessern&#8220;.<\/p>\n\n\n\n<p>Ich empfehle an dieser Stelle die Installation von Firefox als Webbrowser und Thunderbird als E-Mail-Client. Auf der Festplatte ist genug Speicherplatz vorhanden und die Einsatzm\u00f6glichkeiten des Raspberry Pi vergr\u00f6\u00dfern sich deutlich.<br>&#8211; sudo apt-get install firefox-esr &#8211; Installation von Firefox<br>&#8211; sudo apt-get install thunderbird &#8211; Installation des E-Mail-Clients Thunderbird<br>Die Einrichtung und Anpassung beider Programme stelle ich nicht dar, da mit ein wenig Erfahrung alles selbsterkl\u00e4rend ist. Ansonsten: einfach ausprobieren.<\/p>\n\n\n\n<p>Vom Raspberry Pi wollte ich auch drucken k\u00f6nnen. Leider scheint es f\u00fcr meinen Laserdrucker Dell C1760nw, der mit dem Xerox Phase 6000B baugleich sein soll, keinen geeigneten Treiber zu geben. Ich werde wohl weiter nach einer L\u00f6sung suchen m\u00fcssen<\/p>\n\n\n\n<p>Viel Erfolg beim Ausprobieren.<\/p>\n","protected":false},"excerpt":{"rendered":"<p>SD- bzw microSDXC-Karten, die normalerweise f\u00fcr die Speicherung des Betriebssystems verwendet werden, sind in ihrer Haltbarkeit begrenzt. Ich hatte schon des \u00f6fteren mit Ausf\u00e4llen zu k\u00e4mpfen, die durch den Ausfall der Speicherkarte verursacht wurden. Hinzu kommt, dass selbst bei gr\u00f6\u00dferen Speicherkarten schnell die Kapazit\u00e4tsgrenze erreicht wird. Ausweg: Eine USB-Festplatte als Boot- und Speichermedium verwenden. Voraussetzung [&hellip;]<\/p>\n","protected":false},"author":1,"featured_media":0,"parent":69,"menu_order":0,"comment_status":"closed","ping_status":"closed","template":"","meta":{"footnotes":""},"class_list":["post-157","page","type-page","status-publish","hentry"],"_links":{"self":[{"href":"https:\/\/www.dl5sel.de\/index.php?rest_route=\/wp\/v2\/pages\/157","targetHints":{"allow":["GET"]}}],"collection":[{"href":"https:\/\/www.dl5sel.de\/index.php?rest_route=\/wp\/v2\/pages"}],"about":[{"href":"https:\/\/www.dl5sel.de\/index.php?rest_route=\/wp\/v2\/types\/page"}],"author":[{"embeddable":true,"href":"https:\/\/www.dl5sel.de\/index.php?rest_route=\/wp\/v2\/users\/1"}],"replies":[{"embeddable":true,"href":"https:\/\/www.dl5sel.de\/index.php?rest_route=%2Fwp%2Fv2%2Fcomments&post=157"}],"version-history":[{"count":9,"href":"https:\/\/www.dl5sel.de\/index.php?rest_route=\/wp\/v2\/pages\/157\/revisions"}],"predecessor-version":[{"id":200,"href":"https:\/\/www.dl5sel.de\/index.php?rest_route=\/wp\/v2\/pages\/157\/revisions\/200"}],"up":[{"embeddable":true,"href":"https:\/\/www.dl5sel.de\/index.php?rest_route=\/wp\/v2\/pages\/69"}],"wp:attachment":[{"href":"https:\/\/www.dl5sel.de\/index.php?rest_route=%2Fwp%2Fv2%2Fmedia&parent=157"}],"curies":[{"name":"wp","href":"https:\/\/api.w.org\/{rel}","templated":true}]}}