{"id":152,"date":"2023-06-12T14:57:33","date_gmt":"2023-06-12T12:57:33","guid":{"rendered":"https:\/\/www.dl5sel.de\/?page_id=152"},"modified":"2023-06-13T23:06:07","modified_gmt":"2023-06-13T21:06:07","slug":"internet-radio","status":"publish","type":"page","link":"https:\/\/www.dl5sel.de\/?page_id=152","title":{"rendered":"Internet-Radio"},"content":{"rendered":"\n<p>Seit geraumer Zeit stand ein R\u00f6hrenradio &#8222;Stradivari 2&#8220; (Baujahr 1959 &#8211; VEB Stern-Radio Rochlitz) auf dem Schrank. Es funktionierte, aber zum Radioh\u00f6ren war es wegen der zunehmenden Umstellung auf DAB+ und der wachsenden Leere in den Rundfunkb\u00e4ndern nicht mehr richtig zu verwenden. Au\u00dferdem war das Abstimmseil nicht in Ordnung. Kurz und gut: Es stand unbenutzt herum und sammelte au\u00dfen und innen Staub. Es war einfach schade um das gute St\u00fcck.<\/p>\n\n\n\n<figure class=\"wp-block-image size-large\"><a href=\"https:\/\/www.dl5sel.de\/wp-content\/uploads\/2023\/06\/stradivari.jpg\"><img loading=\"lazy\" decoding=\"async\" width=\"1024\" height=\"679\" src=\"https:\/\/www.dl5sel.de\/wp-content\/uploads\/2023\/06\/stradivari-1024x679.jpg\" alt=\"\" class=\"wp-image-154\" srcset=\"https:\/\/www.dl5sel.de\/wp-content\/uploads\/2023\/06\/stradivari-1024x679.jpg 1024w, https:\/\/www.dl5sel.de\/wp-content\/uploads\/2023\/06\/stradivari-300x199.jpg 300w, https:\/\/www.dl5sel.de\/wp-content\/uploads\/2023\/06\/stradivari-768x509.jpg 768w, https:\/\/www.dl5sel.de\/wp-content\/uploads\/2023\/06\/stradivari-624x414.jpg 624w, https:\/\/www.dl5sel.de\/wp-content\/uploads\/2023\/06\/stradivari.jpg 1212w\" sizes=\"auto, (max-width: 1024px) 100vw, 1024px\" \/><\/a><\/figure>\n\n\n\n<p>Im Internet stie\u00df ich auf das Raspberry-Pi-Betriebssystem &#8222;<a href=\"https:\/\/volumio.com\/en\/get-started\/\">volumio<\/a>&#8222;. Damit ist es m\u00f6glich, Internet-Radio zu empfangen oder eigene Musiksammlungen wiederzugeben. Die Installation auf einem Raspberry 3B+ war nicht schwierig, ein geeigneter USB-Stick f\u00fcr das Speichern der Musiksammlung war schnell gefunden. Da das Modell 3B+ bereits \u00fcber einen WLAN-Adapter verf\u00fcgt, braucht es au\u00dfer dem Raspberry-Pi-Netzteil auch keine weiteren Anschlusskabel<\/p>\n\n\n\n<p>Die einzige Schwierigkeit war, dass der Tonabnehmer-Anschluss des Radios nur zwei Buchsen f\u00fcr ein Monosignal aufweist. Der Raspberry Pi stellt das Audiosignal \u00fcber einen Stereo-Kopfh\u00f6rerausgang zur Verf\u00fcgung. Es musste demnach ein geeigneter Adapter hergestellt werden, ein kleineres Bastelprojekt. Aber auch daf\u00fcr lassen sich im Internet gen\u00fcgend Tipps finden.<\/p>\n\n\n\n<p>Nach einigem Probieren funktioniert die Wiedergabe \u00fcber den R\u00f6hrenverst\u00e4rker in guter Qualit\u00e4t. Kleiner Nachteil: F\u00fcr die Senderwahl sind entweder ein Smartphone oder ein geeigneter Rechner notwendig, mit dem die volumio-Bedienoberfl\u00e4che dargestellt werden kann. &#8211; Immerhin zeigte sich mein \u00e4ltester Enkel sichtlich beeindruckt vom &#8222;fernbedienten R\u00f6hrenradio&#8220;.<\/p>\n","protected":false},"excerpt":{"rendered":"<p>Seit geraumer Zeit stand ein R\u00f6hrenradio &#8222;Stradivari 2&#8220; (Baujahr 1959 &#8211; VEB Stern-Radio Rochlitz) auf dem Schrank. Es funktionierte, aber zum Radioh\u00f6ren war es wegen der zunehmenden Umstellung auf DAB+ und der wachsenden Leere in den Rundfunkb\u00e4ndern nicht mehr richtig zu verwenden. Au\u00dferdem war das Abstimmseil nicht in Ordnung. Kurz und gut: Es stand unbenutzt [&hellip;]<\/p>\n","protected":false},"author":1,"featured_media":0,"parent":69,"menu_order":0,"comment_status":"closed","ping_status":"closed","template":"","meta":{"footnotes":""},"class_list":["post-152","page","type-page","status-publish","hentry"],"_links":{"self":[{"href":"https:\/\/www.dl5sel.de\/index.php?rest_route=\/wp\/v2\/pages\/152","targetHints":{"allow":["GET"]}}],"collection":[{"href":"https:\/\/www.dl5sel.de\/index.php?rest_route=\/wp\/v2\/pages"}],"about":[{"href":"https:\/\/www.dl5sel.de\/index.php?rest_route=\/wp\/v2\/types\/page"}],"author":[{"embeddable":true,"href":"https:\/\/www.dl5sel.de\/index.php?rest_route=\/wp\/v2\/users\/1"}],"replies":[{"embeddable":true,"href":"https:\/\/www.dl5sel.de\/index.php?rest_route=%2Fwp%2Fv2%2Fcomments&post=152"}],"version-history":[{"count":5,"href":"https:\/\/www.dl5sel.de\/index.php?rest_route=\/wp\/v2\/pages\/152\/revisions"}],"predecessor-version":[{"id":172,"href":"https:\/\/www.dl5sel.de\/index.php?rest_route=\/wp\/v2\/pages\/152\/revisions\/172"}],"up":[{"embeddable":true,"href":"https:\/\/www.dl5sel.de\/index.php?rest_route=\/wp\/v2\/pages\/69"}],"wp:attachment":[{"href":"https:\/\/www.dl5sel.de\/index.php?rest_route=%2Fwp%2Fv2%2Fmedia&parent=152"}],"curies":[{"name":"wp","href":"https:\/\/api.w.org\/{rel}","templated":true}]}}